{"id":121,"date":"2013-03-18T10:03:46","date_gmt":"2013-03-18T10:03:46","guid":{"rendered":"http:\/\/avkoppling.nu\/?page_id=121"},"modified":"2023-11-17T12:40:50","modified_gmt":"2023-11-17T12:40:50","slug":"valj-din-upplevelse","status":"publish","type":"page","link":"https:\/\/avkoppling.nu\/","title":{"rendered":"S\u00f6ker du avkoppling och n\u00e4rhet till natur, hyr  stuga intill vattnet omgiven av svensk fauna, bygd och natur"},"content":{"rendered":"\n<figure class=\"wp-block-image is-resized\"><img decoding=\"async\" loading=\"lazy\" src=\"https:\/\/engelskan.se\/wp-content\/uploads\/2020\/08\/Unionjack-1024x573.jpg\" alt=\"\" width=\"38\" height=\"21\"\/><figcaption class=\"wp-element-caption\"><strong>If you are you looking for relaxtion and closeness to the nature..rent a cottage next to the water surrounded by swedish fauna, countryside and a nature experience.<\/strong><\/figcaption><\/figure>\n\n\n\n<pre id=\"tw-target-text\" class=\"wp-block-preformatted has-medium-font-size\"><\/pre>\n\n\n\n<figure class=\"wp-block-table has-medium-font-size\"><table><tbody><tr><td> <h1 style=\"text-align: left;\"><span style=\"color: #000080;\"><a style=\"color: #000080;\" title=\"Rinnen\" href=\"http:\/\/avkoppling.nu\/?page_id=103\">P\u00e4rlan &#8211; Rinnen<\/a><\/span><\/h1><\/td><\/tr><tr><td><img decoding=\"async\" loading=\"lazy\" width=\"1617\" height=\"511\" class=\"wp-image-1170\" style=\"width: 700px;\" src=\"http:\/\/avkoppling.nu\/wp-content\/uploads\/2022\/12\/Parlan-Dec-2022.png\" alt=\"\" srcset=\"https:\/\/avkoppling.nu\/wp-content\/uploads\/2022\/12\/Parlan-Dec-2022.png 1617w, https:\/\/avkoppling.nu\/wp-content\/uploads\/2022\/12\/Parlan-Dec-2022-300x95.png 300w, https:\/\/avkoppling.nu\/wp-content\/uploads\/2022\/12\/Parlan-Dec-2022-1024x324.png 1024w, https:\/\/avkoppling.nu\/wp-content\/uploads\/2022\/12\/Parlan-Dec-2022-768x243.png 768w, https:\/\/avkoppling.nu\/wp-content\/uploads\/2022\/12\/Parlan-Dec-2022-1536x485.png 1536w, https:\/\/avkoppling.nu\/wp-content\/uploads\/2022\/12\/Parlan-Dec-2022-624x197.png 624w\" sizes=\"(max-width: 1617px) 100vw, 1617px\" \/><\/td><\/tr><tr><td><strong><span style=\"color: #000000;\">I&nbsp; skogarna i V\u00e4rmland&nbsp;vid sj\u00f6n Rinnen, finner du denna vinterbonade och v\u00e4lutrustade stuga p\u00e5 sj\u00f6tomt. Perfekt f\u00f6r avkoppling, bad, kanotpaddling och fiske. Njut av n\u00e4rheten till naturen, med&nbsp;ca&nbsp;3 mil till st\u00e4der som&nbsp;Arvika och Sunne.&nbsp;&nbsp;<\/span><\/strong><\/td><\/tr><\/tbody><\/table><\/figure>\n\n\n<figure class=\"wp-block-table has-small-font-size\">\n<table>\n<tbody>\n<tr>\n<td>\n<h1 style=\"text-align: left;\"><span style=\"color: #000080;\"><a style=\"color: #000080;\" title=\"Rinnen\" href=\"http:\/\/avkoppling.nu\/?page_id=103\">Sj\u00f6knuten &#8211; Sk\u00e4rgen<\/a><\/span><\/h1>\n<\/td>\n<\/tr>\n<tr>\n<td><img decoding=\"async\" class=\"wp-image-1171\" style=\"width: 700px;\" src=\"http:\/\/avkoppling.nu\/wp-content\/uploads\/2022\/12\/Sjoknuten-dec-2022.png\" alt=\"\" \/> <img decoding=\"async\" loading=\"lazy\" width=\"2560\" height=\"1920\" class=\"wp-image-1278\" style=\"width: 150px;\" src=\"http:\/\/avkoppling.nu\/wp-content\/uploads\/2023\/11\/2023-Kvallsbild-Bastustugan-scaled.jpg\" alt=\"\" srcset=\"https:\/\/avkoppling.nu\/wp-content\/uploads\/2023\/11\/2023-Kvallsbild-Bastustugan-scaled.jpg 2560w, https:\/\/avkoppling.nu\/wp-content\/uploads\/2023\/11\/2023-Kvallsbild-Bastustugan-300x225.jpg 300w, https:\/\/avkoppling.nu\/wp-content\/uploads\/2023\/11\/2023-Kvallsbild-Bastustugan-1024x768.jpg 1024w, https:\/\/avkoppling.nu\/wp-content\/uploads\/2023\/11\/2023-Kvallsbild-Bastustugan-768x576.jpg 768w, https:\/\/avkoppling.nu\/wp-content\/uploads\/2023\/11\/2023-Kvallsbild-Bastustugan-1536x1152.jpg 1536w, https:\/\/avkoppling.nu\/wp-content\/uploads\/2023\/11\/2023-Kvallsbild-Bastustugan-2048x1536.jpg 2048w, https:\/\/avkoppling.nu\/wp-content\/uploads\/2023\/11\/2023-Kvallsbild-Bastustugan-624x468.jpg 624w\" sizes=\"(max-width: 2560px) 100vw, 2560px\" \/> <img decoding=\"async\" loading=\"lazy\" width=\"2560\" height=\"1920\" class=\"wp-image-1277\" style=\"width: 150px;\" src=\"http:\/\/avkoppling.nu\/wp-content\/uploads\/2023\/11\/2023-Fran-fonster-scaled.jpg\" alt=\"\" srcset=\"https:\/\/avkoppling.nu\/wp-content\/uploads\/2023\/11\/2023-Fran-fonster-scaled.jpg 2560w, https:\/\/avkoppling.nu\/wp-content\/uploads\/2023\/11\/2023-Fran-fonster-300x225.jpg 300w, https:\/\/avkoppling.nu\/wp-content\/uploads\/2023\/11\/2023-Fran-fonster-1024x768.jpg 1024w, https:\/\/avkoppling.nu\/wp-content\/uploads\/2023\/11\/2023-Fran-fonster-768x576.jpg 768w, https:\/\/avkoppling.nu\/wp-content\/uploads\/2023\/11\/2023-Fran-fonster-1536x1152.jpg 1536w, https:\/\/avkoppling.nu\/wp-content\/uploads\/2023\/11\/2023-Fran-fonster-2048x1536.jpg 2048w, https:\/\/avkoppling.nu\/wp-content\/uploads\/2023\/11\/2023-Fran-fonster-624x468.jpg 624w\" sizes=\"(max-width: 2560px) 100vw, 2560px\" \/><\/td>\n<\/tr>\n<tr>\n<td><br \/>\u00a0<br \/><strong><strong><a href=\"http:\/\/avkoppling.nu\/?page_id=103\"><br \/><\/a><\/strong><\/strong>\n<h1 style=\"text-align: left;\"><span style=\"color: #000080;\"><a style=\"color: #000080;\" title=\"Rinnen\" href=\"http:\/\/avkoppling.nu\/?page_id=103\">\u00d6ststugan &#8211; \u00d6stersj\u00f6n<\/a><\/span><\/h1>\n<br \/><img decoding=\"async\" loading=\"lazy\" width=\"640\" height=\"480\" class=\"wp-image-1280\" style=\"width: 150px;\" src=\"http:\/\/avkoppling.nu\/wp-content\/uploads\/2023\/11\/Bryggfika.jpg\" alt=\"\" srcset=\"https:\/\/avkoppling.nu\/wp-content\/uploads\/2023\/11\/Bryggfika.jpg 640w, https:\/\/avkoppling.nu\/wp-content\/uploads\/2023\/11\/Bryggfika-300x225.jpg 300w, https:\/\/avkoppling.nu\/wp-content\/uploads\/2023\/11\/Bryggfika-624x468.jpg 624w\" sizes=\"(max-width: 640px) 100vw, 640px\" \/> <img decoding=\"async\" loading=\"lazy\" width=\"2560\" height=\"1920\" class=\"wp-image-1269\" style=\"width: 150px;\" src=\"http:\/\/avkoppling.nu\/wp-content\/uploads\/2023\/11\/1-Badflotte-1-scaled.jpg\" alt=\"\" srcset=\"https:\/\/avkoppling.nu\/wp-content\/uploads\/2023\/11\/1-Badflotte-1-scaled.jpg 2560w, https:\/\/avkoppling.nu\/wp-content\/uploads\/2023\/11\/1-Badflotte-1-300x225.jpg 300w, https:\/\/avkoppling.nu\/wp-content\/uploads\/2023\/11\/1-Badflotte-1-1024x768.jpg 1024w, https:\/\/avkoppling.nu\/wp-content\/uploads\/2023\/11\/1-Badflotte-1-768x576.jpg 768w, https:\/\/avkoppling.nu\/wp-content\/uploads\/2023\/11\/1-Badflotte-1-1536x1152.jpg 1536w, https:\/\/avkoppling.nu\/wp-content\/uploads\/2023\/11\/1-Badflotte-1-2048x1536.jpg 2048w, https:\/\/avkoppling.nu\/wp-content\/uploads\/2023\/11\/1-Badflotte-1-624x468.jpg 624w\" sizes=\"(max-width: 2560px) 100vw, 2560px\" \/>\n<h1 style=\"text-align: left;\">\u00a0<\/h1>\n<\/td>\n<\/tr>\n<\/tbody>\n<\/table>\n<\/figure>\n\n\n<p><\/p>\n","protected":false},"excerpt":{"rendered":"<p>P\u00e4rlan &#8211; Rinnen I&nbsp; skogarna i V\u00e4rmland&nbsp;vid sj\u00f6n Rinnen, finner du denna vinterbonade och v\u00e4lutrustade stuga p\u00e5 sj\u00f6tomt. Perfekt f\u00f6r avkoppling, bad, kanotpaddling och fiske. Njut av n\u00e4rheten till naturen, med&nbsp;ca&nbsp;3 mil till st\u00e4der som&nbsp;Arvika och Sunne.&nbsp;&nbsp; Sj\u00f6knuten &#8211; Sk\u00e4rgen \u00a0 \u00d6ststugan &#8211; \u00d6stersj\u00f6n \u00a0<\/p>\n","protected":false},"author":1,"featured_media":0,"parent":0,"menu_order":0,"comment_status":"closed","ping_status":"closed","template":"page-templates\/front-page.php","meta":[],"_links":{"self":[{"href":"https:\/\/avkoppling.nu\/index.php?rest_route=\/wp\/v2\/pages\/121"}],"collection":[{"href":"https:\/\/avkoppling.nu\/index.php?rest_route=\/wp\/v2\/pages"}],"about":[{"href":"https:\/\/avkoppling.nu\/index.php?rest_route=\/wp\/v2\/types\/page"}],"author":[{"embeddable":true,"href":"https:\/\/avkoppling.nu\/index.php?rest_route=\/wp\/v2\/users\/1"}],"replies":[{"embeddable":true,"href":"https:\/\/avkoppling.nu\/index.php?rest_route=%2Fwp%2Fv2%2Fcomments&post=121"}],"version-history":[{"count":108,"href":"https:\/\/avkoppling.nu\/index.php?rest_route=\/wp\/v2\/pages\/121\/revisions"}],"predecessor-version":[{"id":1293,"href":"https:\/\/avkoppling.nu\/index.php?rest_route=\/wp\/v2\/pages\/121\/revisions\/1293"}],"wp:attachment":[{"href":"https:\/\/avkoppling.nu\/index.php?rest_route=%2Fwp%2Fv2%2Fmedia&parent=121"}],"curies":[{"name":"wp","href":"https:\/\/api.w.org\/{rel}","templated":true}]}}